{"id":2191,"date":"2023-08-21T06:52:07","date_gmt":"2023-08-21T04:52:07","guid":{"rendered":"https:\/\/www.nimmersion.com\/international-talents-moving-overseas\/"},"modified":"2025-08-12T16:36:00","modified_gmt":"2025-08-12T14:36:00","slug":"for-internationella-talanger","status":"publish","type":"page","link":"https:\/\/www.nimmersion.com\/sv\/for-internationella-talanger\/","title":{"rendered":"F\u00f6r internationella talanger som flyttar till Sverige f\u00f6r att arbeta"},"content":{"rendered":"\n<div class=\"wp-block-cover alignfull is-light has-contrast-color has-text-color\" style=\"margin-top:0;margin-bottom:0;padding-top:0;padding-bottom:0\"><span aria-hidden=\"true\" class=\"wp-block-cover__background has-background-dim-100 has-background-dim\" style=\"background-color:#f4ccbd\"><\/span><div class=\"wp-block-cover__inner-container has-global-padding is-layout-constrained wp-block-cover-is-layout-constrained\">\n<div class=\"wp-block-columns alignwide is-stretched is-layout-flex wp-container-core-columns-is-layout-bb17bf21 wp-block-columns-is-layout-flex\">\n<div class=\"wp-block-column is-layout-flow wp-block-column-is-layout-flow\" style=\"flex-basis:32%\">\n<div class=\"wp-block-cover is-light stretch-left\" style=\"min-height:100%;aspect-ratio:unset;\"><span aria-hidden=\"true\" class=\"wp-block-cover__background has-background-dim-0 has-background-dim\"><\/span><img loading=\"lazy\" decoding=\"async\" width=\"1518\" height=\"2560\" class=\"wp-block-cover__image-background wp-image-3213\" alt=\"\" src=\"https:\/\/www.nimmersion.com\/wp-content\/uploads\/2023\/11\/anna-hunko-gZgsYzi-Qe0-unsplash-scaled.jpg\" data-object-fit=\"cover\" srcset=\"https:\/\/www.nimmersion.com\/wp-content\/uploads\/2023\/11\/anna-hunko-gZgsYzi-Qe0-unsplash-scaled.jpg 1518w, https:\/\/www.nimmersion.com\/wp-content\/uploads\/2023\/11\/anna-hunko-gZgsYzi-Qe0-unsplash-178x300.jpg 178w, https:\/\/www.nimmersion.com\/wp-content\/uploads\/2023\/11\/anna-hunko-gZgsYzi-Qe0-unsplash-607x1024.jpg 607w, https:\/\/www.nimmersion.com\/wp-content\/uploads\/2023\/11\/anna-hunko-gZgsYzi-Qe0-unsplash-768x1295.jpg 768w, https:\/\/www.nimmersion.com\/wp-content\/uploads\/2023\/11\/anna-hunko-gZgsYzi-Qe0-unsplash-911x1536.jpg 911w, https:\/\/www.nimmersion.com\/wp-content\/uploads\/2023\/11\/anna-hunko-gZgsYzi-Qe0-unsplash-1215x2048.jpg 1215w\" sizes=\"auto, (max-width: 1518px) 100vw, 1518px\" \/><div class=\"wp-block-cover__inner-container has-global-padding is-layout-constrained wp-block-cover-is-layout-constrained\">\n<div style=\"height:234px\" aria-hidden=\"true\" class=\"wp-block-spacer\"><\/div>\n<\/div><\/div>\n<\/div>\n\n\n\n<div class=\"wp-block-column is-vertically-aligned-center has-global-padding is-content-justification-left is-layout-constrained wp-container-core-column-is-layout-12dd3699 wp-block-column-is-layout-constrained\" style=\"flex-basis:68%\">\n<div class=\"wp-block-group alignwide is-vertical is-layout-flex wp-container-core-group-is-layout-5cf68fa6 wp-block-group-is-layout-flex\" style=\"padding-top:var(--wp--preset--spacing--156);padding-bottom:var(--wp--preset--spacing--146)\">\n<h2 class=\"wp-block-heading\">En Smidig Ankomst B\u00f6rjar med Nimmersion<\/h2>\n\n\n\n<p>Grattis till din nya m\u00f6jlighet i Sverige! Att flytta till ett nytt land f\u00f6r arbete \u00e4r en sp\u00e4nnande resa, men det kan ocks\u00e5 vara en komplex s\u00e5dan. Fr\u00e5n att s\u00e4kra ett arbetstillst\u00e5nd till att hitta det perfekta hemmet kan processen k\u00e4nnas \u00f6verv\u00e4ldigande.<br><br>Det \u00e4r h\u00e4r Nimmersion kommer in i bilden. Vi f\u00f6rst\u00e5r att din arbetsgivare i Sverige v\u00e4rdes\u00e4tter din talang och vill s\u00e4kerst\u00e4lla en smidig \u00f6verg\u00e5ng. Genom att samarbeta med Nimmersion f\u00e5r din arbetsgivare tillg\u00e5ng till v\u00e5r expertis inom relocation och immigrationtj\u00e4nster. Vi ger v\u00e4gledning och ser till att din flytt till Sverige blir s\u00e5 problemfri som m\u00f6jligt.<br><br>\u00c4ven om det \u00e4r m\u00f6jligt att hantera relocation,- och immigrationprocessen p\u00e5 egen hand kr\u00e4ver det omfattande kunskap, tid och kontakt med myndigheter. Genom att v\u00e4lja Nimmersion f\u00f6renklar du inte bara processen utan ser ocks\u00e5 till att varje detalj hanteras effektivt, vilket ger dig m\u00f6jlighet att fokusera p\u00e5 det som \u00e4r viktigast &#8211; din nya karri\u00e4r och liv i Sverige.<br><br>Utforska hur Nimmersion kan hj\u00e4lpa f\u00f6retag att s\u00e4kerst\u00e4lla att deras internationella talanger f\u00e5r en problemfri start i Sverige. <\/p>\n\n\n\n<div class=\"wp-block-buttons is-layout-flex wp-block-buttons-is-layout-flex\">\n<div class=\"wp-block-button is-style-outline is-style-outline--1\"><a class=\"wp-block-button__link wp-element-button\" href=\"https:\/\/www.nimmersion.com\/sv\/tjanster\/relocationtjanster\/\">Relocationtj\u00e4nster f\u00f6r f\u00f6retag<svg width=\"14\" height=\"8\" viewBox=\"0 0 14 8\" fill=\"currentColor\" xmlns=\"http:\/\/www.w3.org\/2000\/svg\"><path d=\"M13.489 2.7611L10.8138 0.0859375L9.989 0.910771L12.4752 3.39752L0 3.41502V4.58169L12.5102 4.56419L9.98842 7.08594L10.8132 7.91077L13.489 5.2356C13.8161 4.9069 13.9997 4.46206 13.9997 3.99835C13.9997 3.53465 13.8161 3.08981 13.489 2.7611Z\" fill=\"currentColor\"\/><\/svg><\/a><\/div>\n\n\n\n<div class=\"wp-block-button is-style-outline is-style-outline--2\"><a class=\"wp-block-button__link wp-element-button\" href=\"https:\/\/www.nimmersion.com\/sv\/tjanster\/immigrationshantering\/\">Immigrationstj\u00e4nster f\u00f6r f\u00f6retag<svg width=\"14\" height=\"8\" viewBox=\"0 0 14 8\" fill=\"currentColor\" xmlns=\"http:\/\/www.w3.org\/2000\/svg\"><path d=\"M13.489 2.7611L10.8138 0.0859375L9.989 0.910771L12.4752 3.39752L0 3.41502V4.58169L12.5102 4.56419L9.98842 7.08594L10.8132 7.91077L13.489 5.2356C13.8161 4.9069 13.9997 4.46206 13.9997 3.99835C13.9997 3.53465 13.8161 3.08981 13.489 2.7611Z\" fill=\"currentColor\"\/><\/svg><\/a><\/div>\n<\/div>\n<\/div>\n<\/div>\n<\/div>\n<\/div><\/div>\n\n\n\n<div class=\"wp-block-cover alignfull\" style=\"margin-top:0px;margin-bottom:0px;padding-top:var(--wp--preset--spacing--100);padding-bottom:var(--wp--preset--spacing--100)\"><span aria-hidden=\"true\" class=\"wp-block-cover__background has-primary-background-color has-background-dim-100 has-background-dim\"><\/span><div class=\"wp-block-cover__inner-container has-global-padding is-layout-constrained wp-block-cover-is-layout-constrained\">\n<div class=\"wp-block-group alignwide is-layout-flow wp-block-group-is-layout-flow\"><div class=\"post-list post-list--grid wp-block-nimmersion-post-list\">\n\t<div class=\"post-list__head\">\n\t\t<h2 class=\"post-list__head-title\">Resurser<\/h2>\n\n\t\t\t<\/div>\n\t<div class=\"post-list__body\">\n\t\t\t\t\t\t\t\t<\/div>\n<\/div>\n\n<\/div>\n<\/div><\/div>\n\n\n\n<div class=\"wp-block-cover alignfull is-light\" style=\"margin-top:0px;margin-bottom:0px;padding-top:var(--wp--preset--spacing--100);padding-bottom:var(--wp--preset--spacing--100)\"><span aria-hidden=\"true\" class=\"wp-block-cover__background has-background-dim-60 has-background-dim\" style=\"background-color:#ecaa91\"><\/span><div class=\"wp-block-cover__inner-container has-global-padding is-layout-constrained wp-block-cover-is-layout-constrained\">\n<div class=\"wp-block-group alignwide has-global-padding is-layout-constrained wp-block-group-is-layout-constrained\"><div class=\"alignwide wp-elements-54cf2e8f9e4e7aaf58086bdcc347e5f8 wp-block-nimmersion-recent-post has-text-color has-contrast-color\">\n\t<div class=\"wp-block-nimmersion-recent-post__top\">\n\t\t<h2 class=\"wp-block-nimmersion-recent-post__subtitle\">Nya Inl\u00e4gg<\/h2>\n\t\t\n<div class=\"swiper-nav\">\n\t<button class=\"swiper-prev\">\n\t\t<svg width=\"81\" height=\"10\" viewBox=\"0 0 81 10\" fill=\"currentColor\" xmlns=\"http:\/\/www.w3.org\/2000\/svg\">\n\t\t\t<path d=\"M80.4419 5.44193C80.686 5.19786 80.686 4.80213 80.4419 4.55805L76.4645 0.580576C76.2204 0.336498 75.8247 0.336498 75.5806 0.580576C75.3365 0.824654 75.3365 1.22038 75.5806 1.46446L79.1161 4.99999L75.5806 8.53553C75.3365 8.77961 75.3365 9.17533 75.5806 9.41941C75.8247 9.66349 76.2204 9.66349 76.4645 9.41941L80.4419 5.44193ZM5.46392e-08 5.625L80 5.62499L80 4.37499L-5.46392e-08 4.375L5.46392e-08 5.625Z\" fill=\"currentColor\"\/>\n\t\t<\/svg>\n\t<\/button>\n\t<button class=\"swiper-next\">\n\t\t<svg width=\"81\" height=\"10\" viewBox=\"0 0 81 10\" fill=\"currentColor\" xmlns=\"http:\/\/www.w3.org\/2000\/svg\">\n\t\t\t<path d=\"M80.4419 5.44193C80.686 5.19786 80.686 4.80213 80.4419 4.55805L76.4645 0.580576C76.2204 0.336498 75.8247 0.336498 75.5806 0.580576C75.3365 0.824654 75.3365 1.22038 75.5806 1.46446L79.1161 4.99999L75.5806 8.53553C75.3365 8.77961 75.3365 9.17533 75.5806 9.41941C75.8247 9.66349 76.2204 9.66349 76.4645 9.41941L80.4419 5.44193ZM5.46392e-08 5.625L80 5.62499L80 4.37499L-5.46392e-08 4.375L5.46392e-08 5.625Z\" fill=\"currentColor\"\/>\n\t\t<\/svg>\n\t<\/button>\n<\/div>\n\t<\/div>\n\t<div class=\"wp-block-nimmersion-recent-post__content\">\n\t\t<swiper-container init=\"false\">\n\t\t\t\t\t\t\t\t<swiper-slide>\n\t\t\t\t\t\t<div class=\"wp-block-webicient-recent-post__box\">\n\t\t\t\t\t\t\t<h4 class=\"wp-block-nimmersion-recent-post__title\">\n\t\t\t\t\t\t\t\t<a href=\"https:\/\/www.nimmersion.com\/sv\/resurser\/blogg\/relocation-till-sverige-en-kort-guide-for-hr-specialister\/\">Relocation till Sverige \u2013 En kort guide f\u00f6r HR-specialister<\/a>\n\t\t\t\t\t\t\t<\/h4>\n\t\t\t\t\t\t\t<a href=\"https:\/\/www.nimmersion.com\/sv\/resurser\/blogg\/relocation-till-sverige-en-kort-guide-for-hr-specialister\/\" class=\"wp-block-nimmersion-recent-post__link\">\n\t\t\t\t\t\t\t\t<span>L\u00e4s mer<\/span>\n\t\t\t\t\t\t\t\t<svg\n\t\t\t\t\t\t\t\t\twidth=\"20\"\n\t\t\t\t\t\t\t\t\theight=\"20\"\n\t\t\t\t\t\t\t\t\tviewBox=\"0 0 20 20\"\n\t\t\t\t\t\t\t\t\tfill=\"none\"\n\t\t\t\t\t\t\t\t\txmlns=\"http:\/\/www.w3.org\/2000\/svg\"\n\t\t\t\t\t\t\t\t>\n\t\t\t\t\t\t\t\t\t<path\n\t\t\t\t\t\t\t\t\t\td=\"M14.5091 8.81969L10.9316 5.24219L9.75323 6.42052L12.4974 9.16469H4.16406V10.8314H12.4974L9.75323 13.5755L10.9316 14.7539L14.5091 11.1764C14.8215 10.8638 14.997 10.44 14.997 9.99802C14.997 9.55608 14.8215 9.13223 14.5091 8.81969Z\"\n\t\t\t\t\t\t\t\t\t\tfill=\"none\"\n\t\t\t\t\t\t\t\t\t\/>\n\t\t\t\t\t\t\t\t<\/svg>\n\t\t\t\t\t\t\t<\/a>\n\t\t\t\t\t\t<\/div>\n\t\t\t\t\t<\/swiper-slide>\n\t\t\t\t\t\t\t\t\t\t<swiper-slide>\n\t\t\t\t\t\t<div class=\"wp-block-webicient-recent-post__box\">\n\t\t\t\t\t\t\t<h4 class=\"wp-block-nimmersion-recent-post__title\">\n\t\t\t\t\t\t\t\t<a href=\"https:\/\/www.nimmersion.com\/sv\/resurser\/blogg\/arbetstillstand-i-sverige-allt-hr-behover-veta\/\">Arbetstillst\u00e5nd i Sverige: Allt HR beh\u00f6ver veta<\/a>\n\t\t\t\t\t\t\t<\/h4>\n\t\t\t\t\t\t\t<a href=\"https:\/\/www.nimmersion.com\/sv\/resurser\/blogg\/arbetstillstand-i-sverige-allt-hr-behover-veta\/\" class=\"wp-block-nimmersion-recent-post__link\">\n\t\t\t\t\t\t\t\t<span>L\u00e4s mer<\/span>\n\t\t\t\t\t\t\t\t<svg\n\t\t\t\t\t\t\t\t\twidth=\"20\"\n\t\t\t\t\t\t\t\t\theight=\"20\"\n\t\t\t\t\t\t\t\t\tviewBox=\"0 0 20 20\"\n\t\t\t\t\t\t\t\t\tfill=\"none\"\n\t\t\t\t\t\t\t\t\txmlns=\"http:\/\/www.w3.org\/2000\/svg\"\n\t\t\t\t\t\t\t\t>\n\t\t\t\t\t\t\t\t\t<path\n\t\t\t\t\t\t\t\t\t\td=\"M14.5091 8.81969L10.9316 5.24219L9.75323 6.42052L12.4974 9.16469H4.16406V10.8314H12.4974L9.75323 13.5755L10.9316 14.7539L14.5091 11.1764C14.8215 10.8638 14.997 10.44 14.997 9.99802C14.997 9.55608 14.8215 9.13223 14.5091 8.81969Z\"\n\t\t\t\t\t\t\t\t\t\tfill=\"none\"\n\t\t\t\t\t\t\t\t\t\/>\n\t\t\t\t\t\t\t\t<\/svg>\n\t\t\t\t\t\t\t<\/a>\n\t\t\t\t\t\t<\/div>\n\t\t\t\t\t<\/swiper-slide>\n\t\t\t\t\t\t\t\t\t\t<swiper-slide>\n\t\t\t\t\t\t<div class=\"wp-block-webicient-recent-post__box\">\n\t\t\t\t\t\t\t<h4 class=\"wp-block-nimmersion-recent-post__title\">\n\t\t\t\t\t\t\t\t<a href=\"https:\/\/www.nimmersion.com\/sv\/resurser\/blogg\/fou-avdraget-fran-administrativ-huvudvark-till-strategisk-fordel\/\">FoU-avdraget: Fr\u00e5n administrativ huvudv\u00e4rk till strategisk f\u00f6rdel<\/a>\n\t\t\t\t\t\t\t<\/h4>\n\t\t\t\t\t\t\t<a href=\"https:\/\/www.nimmersion.com\/sv\/resurser\/blogg\/fou-avdraget-fran-administrativ-huvudvark-till-strategisk-fordel\/\" class=\"wp-block-nimmersion-recent-post__link\">\n\t\t\t\t\t\t\t\t<span>L\u00e4s mer<\/span>\n\t\t\t\t\t\t\t\t<svg\n\t\t\t\t\t\t\t\t\twidth=\"20\"\n\t\t\t\t\t\t\t\t\theight=\"20\"\n\t\t\t\t\t\t\t\t\tviewBox=\"0 0 20 20\"\n\t\t\t\t\t\t\t\t\tfill=\"none\"\n\t\t\t\t\t\t\t\t\txmlns=\"http:\/\/www.w3.org\/2000\/svg\"\n\t\t\t\t\t\t\t\t>\n\t\t\t\t\t\t\t\t\t<path\n\t\t\t\t\t\t\t\t\t\td=\"M14.5091 8.81969L10.9316 5.24219L9.75323 6.42052L12.4974 9.16469H4.16406V10.8314H12.4974L9.75323 13.5755L10.9316 14.7539L14.5091 11.1764C14.8215 10.8638 14.997 10.44 14.997 9.99802C14.997 9.55608 14.8215 9.13223 14.5091 8.81969Z\"\n\t\t\t\t\t\t\t\t\t\tfill=\"none\"\n\t\t\t\t\t\t\t\t\t\/>\n\t\t\t\t\t\t\t\t<\/svg>\n\t\t\t\t\t\t\t<\/a>\n\t\t\t\t\t\t<\/div>\n\t\t\t\t\t<\/swiper-slide>\n\t\t\t\t\t\t\t\t\t\t<swiper-slide>\n\t\t\t\t\t\t<div class=\"wp-block-webicient-recent-post__box\">\n\t\t\t\t\t\t\t<h4 class=\"wp-block-nimmersion-recent-post__title\">\n\t\t\t\t\t\t\t\t<a href=\"https:\/\/www.nimmersion.com\/sv\/resurser\/blogg\/expertskatten-och-fou-avdraget-nya-mojligheter-for-sveriges-talangattraktion\/\">Expertskatten och FoU-avdraget \u2013 Nya m\u00f6jligheter f\u00f6r Sveriges talangattraktion<\/a>\n\t\t\t\t\t\t\t<\/h4>\n\t\t\t\t\t\t\t<a href=\"https:\/\/www.nimmersion.com\/sv\/resurser\/blogg\/expertskatten-och-fou-avdraget-nya-mojligheter-for-sveriges-talangattraktion\/\" class=\"wp-block-nimmersion-recent-post__link\">\n\t\t\t\t\t\t\t\t<span>L\u00e4s mer<\/span>\n\t\t\t\t\t\t\t\t<svg\n\t\t\t\t\t\t\t\t\twidth=\"20\"\n\t\t\t\t\t\t\t\t\theight=\"20\"\n\t\t\t\t\t\t\t\t\tviewBox=\"0 0 20 20\"\n\t\t\t\t\t\t\t\t\tfill=\"none\"\n\t\t\t\t\t\t\t\t\txmlns=\"http:\/\/www.w3.org\/2000\/svg\"\n\t\t\t\t\t\t\t\t>\n\t\t\t\t\t\t\t\t\t<path\n\t\t\t\t\t\t\t\t\t\td=\"M14.5091 8.81969L10.9316 5.24219L9.75323 6.42052L12.4974 9.16469H4.16406V10.8314H12.4974L9.75323 13.5755L10.9316 14.7539L14.5091 11.1764C14.8215 10.8638 14.997 10.44 14.997 9.99802C14.997 9.55608 14.8215 9.13223 14.5091 8.81969Z\"\n\t\t\t\t\t\t\t\t\t\tfill=\"none\"\n\t\t\t\t\t\t\t\t\t\/>\n\t\t\t\t\t\t\t\t<\/svg>\n\t\t\t\t\t\t\t<\/a>\n\t\t\t\t\t\t<\/div>\n\t\t\t\t\t<\/swiper-slide>\n\t\t\t\t\t\t\t\t\t\t<swiper-slide>\n\t\t\t\t\t\t<div class=\"wp-block-webicient-recent-post__box\">\n\t\t\t\t\t\t\t<h4 class=\"wp-block-nimmersion-recent-post__title\">\n\t\t\t\t\t\t\t\t<a href=\"https:\/\/www.nimmersion.com\/sv\/resurser\/blogg\/sa-har-integrerar-du-internationella-talanger-pa-arbetsplatsen\/\">S\u00e5 h\u00e4r integrerar du internationella talanger p\u00e5 arbetsplatsen<\/a>\n\t\t\t\t\t\t\t<\/h4>\n\t\t\t\t\t\t\t<a href=\"https:\/\/www.nimmersion.com\/sv\/resurser\/blogg\/sa-har-integrerar-du-internationella-talanger-pa-arbetsplatsen\/\" class=\"wp-block-nimmersion-recent-post__link\">\n\t\t\t\t\t\t\t\t<span>L\u00e4s mer<\/span>\n\t\t\t\t\t\t\t\t<svg\n\t\t\t\t\t\t\t\t\twidth=\"20\"\n\t\t\t\t\t\t\t\t\theight=\"20\"\n\t\t\t\t\t\t\t\t\tviewBox=\"0 0 20 20\"\n\t\t\t\t\t\t\t\t\tfill=\"none\"\n\t\t\t\t\t\t\t\t\txmlns=\"http:\/\/www.w3.org\/2000\/svg\"\n\t\t\t\t\t\t\t\t>\n\t\t\t\t\t\t\t\t\t<path\n\t\t\t\t\t\t\t\t\t\td=\"M14.5091 8.81969L10.9316 5.24219L9.75323 6.42052L12.4974 9.16469H4.16406V10.8314H12.4974L9.75323 13.5755L10.9316 14.7539L14.5091 11.1764C14.8215 10.8638 14.997 10.44 14.997 9.99802C14.997 9.55608 14.8215 9.13223 14.5091 8.81969Z\"\n\t\t\t\t\t\t\t\t\t\tfill=\"none\"\n\t\t\t\t\t\t\t\t\t\/>\n\t\t\t\t\t\t\t\t<\/svg>\n\t\t\t\t\t\t\t<\/a>\n\t\t\t\t\t\t<\/div>\n\t\t\t\t\t<\/swiper-slide>\n\t\t\t\t\t\t\t\t\t\t<swiper-slide>\n\t\t\t\t\t\t<div class=\"wp-block-webicient-recent-post__box\">\n\t\t\t\t\t\t\t<h4 class=\"wp-block-nimmersion-recent-post__title\">\n\t\t\t\t\t\t\t\t<a href=\"https:\/\/www.nimmersion.com\/sv\/resurser\/blogg\/the-swedish-migration-agency-approved-20823-swedish-work-permits-in-2023\/\">The Swedish Migration Agency approved 20,823 Swedish work permits in 2023\u00a0<\/a>\n\t\t\t\t\t\t\t<\/h4>\n\t\t\t\t\t\t\t<a href=\"https:\/\/www.nimmersion.com\/sv\/resurser\/blogg\/the-swedish-migration-agency-approved-20823-swedish-work-permits-in-2023\/\" class=\"wp-block-nimmersion-recent-post__link\">\n\t\t\t\t\t\t\t\t<span>L\u00e4s mer<\/span>\n\t\t\t\t\t\t\t\t<svg\n\t\t\t\t\t\t\t\t\twidth=\"20\"\n\t\t\t\t\t\t\t\t\theight=\"20\"\n\t\t\t\t\t\t\t\t\tviewBox=\"0 0 20 20\"\n\t\t\t\t\t\t\t\t\tfill=\"none\"\n\t\t\t\t\t\t\t\t\txmlns=\"http:\/\/www.w3.org\/2000\/svg\"\n\t\t\t\t\t\t\t\t>\n\t\t\t\t\t\t\t\t\t<path\n\t\t\t\t\t\t\t\t\t\td=\"M14.5091 8.81969L10.9316 5.24219L9.75323 6.42052L12.4974 9.16469H4.16406V10.8314H12.4974L9.75323 13.5755L10.9316 14.7539L14.5091 11.1764C14.8215 10.8638 14.997 10.44 14.997 9.99802C14.997 9.55608 14.8215 9.13223 14.5091 8.81969Z\"\n\t\t\t\t\t\t\t\t\t\tfill=\"none\"\n\t\t\t\t\t\t\t\t\t\/>\n\t\t\t\t\t\t\t\t<\/svg>\n\t\t\t\t\t\t\t<\/a>\n\t\t\t\t\t\t<\/div>\n\t\t\t\t\t<\/swiper-slide>\n\t\t\t\t\t\t\t<\/swiper-container>\n\t<\/div>\n<\/div>\n<\/div>\n<\/div><\/div>\n","protected":false},"excerpt":{"rendered":"","protected":false},"author":1,"featured_media":3067,"parent":0,"menu_order":0,"comment_status":"closed","ping_status":"closed","template":"layout-compact","meta":{"_acf_changed":false,"content-type":"","footnotes":""},"class_list":["post-2191","page","type-page","status-publish","has-post-thumbnail","hentry"],"acf":[],"_links":{"self":[{"href":"https:\/\/www.nimmersion.com\/sv\/wp-json\/wp\/v2\/pages\/2191","targetHints":{"allow":["GET"]}}],"collection":[{"href":"https:\/\/www.nimmersion.com\/sv\/wp-json\/wp\/v2\/pages"}],"about":[{"href":"https:\/\/www.nimmersion.com\/sv\/wp-json\/wp\/v2\/types\/page"}],"author":[{"embeddable":true,"href":"https:\/\/www.nimmersion.com\/sv\/wp-json\/wp\/v2\/users\/1"}],"replies":[{"embeddable":true,"href":"https:\/\/www.nimmersion.com\/sv\/wp-json\/wp\/v2\/comments?post=2191"}],"version-history":[{"count":9,"href":"https:\/\/www.nimmersion.com\/sv\/wp-json\/wp\/v2\/pages\/2191\/revisions"}],"predecessor-version":[{"id":5121,"href":"https:\/\/www.nimmersion.com\/sv\/wp-json\/wp\/v2\/pages\/2191\/revisions\/5121"}],"wp:featuredmedia":[{"embeddable":true,"href":"https:\/\/www.nimmersion.com\/sv\/wp-json\/wp\/v2\/media\/3067"}],"wp:attachment":[{"href":"https:\/\/www.nimmersion.com\/sv\/wp-json\/wp\/v2\/media?parent=2191"}],"curies":[{"name":"wp","href":"https:\/\/api.w.org\/{rel}","templated":true}]}}