{"id":1284,"date":"2023-08-21T11:23:32","date_gmt":"2023-08-21T09:23:32","guid":{"rendered":"https:\/\/www.nimmersion.com\/corporate-social-responsibility-csr\/"},"modified":"2023-09-21T13:59:10","modified_gmt":"2023-09-21T13:59:10","slug":"corporate-social-responsibility-csr","status":"publish","type":"page","link":"https:\/\/www.nimmersion.com\/sv\/corporate-social-responsibility-csr\/","title":{"rendered":"F\u00f6retagets Samh\u00e4llsansvar (CSR)"},"content":{"rendered":"\n<div class=\"wp-block-cover alignfull is-light has-black-color has-text-color\" style=\"margin-top:0px;margin-bottom:0px;padding-top:0;padding-bottom:0\"><span aria-hidden=\"true\" class=\"wp-block-cover__background has-background-dim-100 has-background-dim\" style=\"background-color:#f4ccbd\"><\/span><div class=\"wp-block-cover__inner-container is-layout-flow wp-block-cover-is-layout-flow\">\n<div class=\"wp-block-group has-global-padding is-content-justification-center is-layout-constrained wp-container-core-group-is-layout-85dab088 wp-block-group-is-layout-constrained\" style=\"margin-top:0;margin-bottom:0\">\n<div class=\"wp-block-columns alignwide are-vertically-aligned-center is-stretched is-layout-flex wp-container-core-columns-is-layout-addc1112 wp-block-columns-is-layout-flex\" style=\"padding-top:0px;padding-right:0;padding-bottom:0px;padding-left:0\">\n<div class=\"wp-block-column is-vertically-aligned-center is-layout-flow wp-block-column-is-layout-flow\" style=\"flex-basis:28.0208333333%\">\n<div class=\"wp-block-cover stretch-left\" style=\"min-height:100%;aspect-ratio:unset;\"><span aria-hidden=\"true\" class=\"wp-block-cover__background has-background-dim-0 has-background-dim\"><\/span><img loading=\"lazy\" decoding=\"async\" width=\"900\" height=\"1200\" class=\"wp-block-cover__image-background wp-image-1418\" alt=\"CSR\" src=\"https:\/\/www.nimmersion.com\/wp-content\/uploads\/2023\/09\/Namnlos-900-\u00d7-1200-px.png\" data-object-fit=\"cover\" srcset=\"https:\/\/www.nimmersion.com\/wp-content\/uploads\/2023\/09\/Namnlos-900-\u00d7-1200-px.png 900w, https:\/\/www.nimmersion.com\/wp-content\/uploads\/2023\/09\/Namnlos-900-\u00d7-1200-px-225x300.png 225w, https:\/\/www.nimmersion.com\/wp-content\/uploads\/2023\/09\/Namnlos-900-\u00d7-1200-px-768x1024.png 768w\" sizes=\"auto, (max-width: 900px) 100vw, 900px\" \/><div class=\"wp-block-cover__inner-container has-global-padding is-layout-constrained wp-block-cover-is-layout-constrained\">\n<div style=\"height:169px\" aria-hidden=\"true\" class=\"wp-block-spacer\"><\/div>\n<\/div><\/div>\n<\/div>\n\n\n\n<div class=\"wp-block-column is-vertically-aligned-center is-layout-flow wp-block-column-is-layout-flow\" style=\"padding-top:var(--wp--preset--spacing--92);padding-bottom:var(--wp--preset--spacing--100);flex-basis:64.3791666667%\">\n<div class=\"wp-block-group is-vertical is-layout-flex wp-container-core-group-is-layout-c35747d5 wp-block-group-is-layout-flex\">\n<p class=\"has-large-font-size\" style=\"font-style:normal;font-weight:300\">F\u00f6r oss utg\u00f6r samh\u00e4llsansvar en grundl\u00e4ggande h\u00f6rnsten i v\u00e5r f\u00f6retagsstrategi. Genom att ta ansvar f\u00f6r hur v\u00e5ra verksamheter p\u00e5verkar samh\u00e4llet som helhet och v\u00e5ra teammedlemmar, fr\u00e4mjar vi aktivt deltagande i CSR-initiativ, b\u00e5de p\u00e5 f\u00f6retagsniv\u00e5 och individniv\u00e5.<\/p>\n\n\n\n<p class=\"has-small-font-size\">V\u00e5r riktlinje inneb\u00e4r att vi noggrant v\u00e4ljer ut ett antal v\u00e4lg\u00f6renhets\u00e4ndam\u00e5l som vi konsekvent st\u00f6der \u00f6ver tid. Samtidigt \u00e4r vi beredda att vara flexibla och erbjuda hj\u00e4lp vid ov\u00e4ntade katastrofer, d\u00e4r och n\u00e4r det beh\u00f6vs. Dessutom \u00e4r v\u00e5rt fokus p\u00e5 h\u00e5llbarhet inte begr\u00e4nsat till enbart v\u00e5ra verksamheter; det omfattar ocks\u00e5 v\u00e5rt team och v\u00e5ra medarbetare. Vi tror starkt p\u00e5 att f\u00f6r att blomstra och utvecklas som yrkesm\u00e4nniskor och f\u00f6r att kunna erbjuda enast\u00e5ende service till v\u00e5ra kunder m\u00e5ste vi:<\/p>\n\n\n\n<ul class=\"wp-block-list\">\n<li>Utbilda oss och kontinuerligt f\u00f6rb\u00e4ttra v\u00e5rt arbete.<\/li>\n\n\n\n<li>Ha ett v\u00e4lfungerande samarbete mellan teammedlemmar, vi g\u00f6r detta genom att ha en &#8221;fyra\u00f6gonprincip,&#8221; dagliga m\u00f6ten f\u00f6r att arbeta tillsammans med \u00e4renden, och interna veckovisa h\u00e4lsa,- och inspiration sessioner. Vi firar framg\u00e5ngar och l\u00e4r oss av utmaningar.<\/li>\n\n\n\n<li>Erbjuda konkurrenskraftiga l\u00f6ner och f\u00f6rs\u00e4kringar, erbjuda h\u00e4lso- och tr\u00e4ningsabonnemang, \u00e5rlig utbildning och utvecklingsplan och inte minst ha tillr\u00e4ckligt med personal s\u00e5 att v\u00e5ra teammedlemmar kan ha en balans mellan arbete och fritid.<\/li>\n<\/ul>\n<\/div>\n<\/div>\n<\/div>\n<\/div>\n<\/div><\/div>\n\n\n\n<div class=\"wp-block-cover alignfull is-light has-black-color has-text-color\" style=\"margin-top:0px;margin-bottom:0px;padding-top:0;padding-bottom:0\"><span aria-hidden=\"true\" class=\"wp-block-cover__background has-background-dim-100 has-background-dim\" style=\"background-color:#bac5af\"><\/span><div class=\"wp-block-cover__inner-container is-layout-flow wp-block-cover-is-layout-flow\">\n<div class=\"wp-block-group has-global-padding is-content-justification-center is-layout-constrained wp-container-core-group-is-layout-85dab088 wp-block-group-is-layout-constrained\" style=\"margin-top:0;margin-bottom:0\">\n<div class=\"wp-block-columns alignwide are-vertically-aligned-center is-stretched is-layout-flex wp-container-core-columns-is-layout-addc1112 wp-block-columns-is-layout-flex\" style=\"padding-top:0px;padding-right:0;padding-bottom:0px;padding-left:0\">\n<div class=\"wp-block-column is-vertically-aligned-center is-layout-flow wp-block-column-is-layout-flow\" style=\"padding-top:var(--wp--preset--spacing--78);padding-bottom:var(--wp--preset--spacing--115);flex-basis:64.3791666667%\">\n<div class=\"wp-block-group is-vertical is-layout-flex wp-container-core-group-is-layout-c35747d5 wp-block-group-is-layout-flex\">\n<p class=\"has-large-font-size\" style=\"font-style:normal;font-weight:300\">Nimmersion ger ekonomiskt st\u00f6d till p\u00e5g\u00e5ende humanit\u00e4ra insatser genom att donera medel till:<\/p>\n\n\n\n<ul class=\"wp-block-list\">\n<li><a href=\"https:\/\/www.barncancerfonden.se\/\" target=\"_blank\" rel=\"noopener\"><span style=\"text-decoration: underline;\">Barncancerfonden<\/span> <\/a><\/li>\n\n\n\n<li><a href=\"https:\/\/www.sos-childrensvillages.org\/\" target=\"_blank\" rel=\"noopener\"><span style=\"text-decoration: underline;\">SOS Barnbyar Stiftelsen<\/span><\/a>, Lettland<\/li>\n\n\n\n<li><a href=\"https:\/\/www.rodakorset.se\/\" target=\"_blank\" rel=\"noopener\"><span style=\"text-decoration: underline;\">R\u00f6da Korset<\/span><\/a><\/li>\n\n\n\n<li>Vi har tre adopterade elefanter i Kenya. Den senaste \u00e4r Ndotto som tas om hand av en underbar organisation i Nairobi, <a href=\"https:\/\/www.sheldrickwildlifetrust.org\/\" target=\"_blank\" rel=\"noopener\"><span style=\"text-decoration: underline;\">David Suheldrick Wildlife Trust<\/span><\/a>, ett elefanthem. Se hans r\u00e4ddningsinsats <a href=\"https:\/\/www.sheldrickwildlifetrust.org\/\" target=\"_blank\" rel=\"noopener\">h\u00e4r.<\/a><br><\/li>\n<\/ul>\n\n\n\n<p class=\"has-small-font-size\" style=\"font-style:normal;font-weight:300\">Vi har som policy att varje g\u00e5ng vi f\u00e5r en kundunders\u00f6kning, s\u00e4tter vi \u00e5t sidan en summa pengar till f\u00f6rm\u00e5n f\u00f6r Barncancerfonden. Vi \u00e4r tacksamma gentemot v\u00e5ra klienter f\u00f6r deras bidrag, och under 2021 dubblerade vi v\u00e5ra donationer med 20.&nbsp;<\/p>\n\n\n\n<p>Nimmersion-teamet \u00e4r \u00e4ven engagerade i olika lokala samh\u00e4llsaktiviteter och globala initiativ s\u00e5som:&nbsp;<\/p>\n\n\n\n<ul class=\"wp-block-list\">\n<li>Impact Guru<\/li>\n\n\n\n<li>Reach the unreached &amp; Help Rural India breathe<\/li>\n\n\n\n<li>India Needs Oxygen<\/li>\n\n\n\n<li>People of Rural India<\/li>\n<\/ul>\n\n\n\n<div class=\"wp-block-buttons is-layout-flex wp-block-buttons-is-layout-flex\">\n<div class=\"wp-block-button is-style-outline is-style-outline--1\"><a class=\"wp-block-button__link has-border-color has-black-border-color wp-element-button\" href=\"https:\/\/www.nimmersion.com\/sv\/om-oss\/\" style=\"border-width:1px\">L\u00e4s mer om oss<svg width=\"14\" height=\"8\" viewBox=\"0 0 14 8\" fill=\"currentColor\" xmlns=\"http:\/\/www.w3.org\/2000\/svg\"><path d=\"M13.489 2.7611L10.8138 0.0859375L9.989 0.910771L12.4752 3.39752L0 3.41502V4.58169L12.5102 4.56419L9.98842 7.08594L10.8132 7.91077L13.489 5.2356C13.8161 4.9069 13.9997 4.46206 13.9997 3.99835C13.9997 3.53465 13.8161 3.08981 13.489 2.7611Z\" fill=\"currentColor\"\/><\/svg><\/a><\/div>\n<\/div>\n<\/div>\n<\/div>\n\n\n\n<div class=\"wp-block-column is-vertically-aligned-center order-first md:order-none is-layout-flow wp-block-column-is-layout-flow\" style=\"flex-basis:28.0208333333%\">\n<div class=\"wp-block-cover stretch-right\" style=\"min-height:100%;aspect-ratio:unset;\"><span aria-hidden=\"true\" class=\"wp-block-cover__background has-background-dim-0 has-background-dim\"><\/span><img loading=\"lazy\" decoding=\"async\" width=\"682\" height=\"936\" class=\"wp-block-cover__image-background wp-image-374\" alt=\"\" src=\"https:\/\/www.nimmersion.com\/wp-content\/uploads\/2023\/08\/financial-support-to-ongoing-humanitarian-efforts.png\" style=\"object-position:52% 47%\" data-object-fit=\"cover\" data-object-position=\"52% 47%\" srcset=\"https:\/\/www.nimmersion.com\/wp-content\/uploads\/2023\/08\/financial-support-to-ongoing-humanitarian-efforts.png 682w, https:\/\/www.nimmersion.com\/wp-content\/uploads\/2023\/08\/financial-support-to-ongoing-humanitarian-efforts-219x300.png 219w\" sizes=\"auto, (max-width: 682px) 100vw, 682px\" \/><div class=\"wp-block-cover__inner-container has-global-padding is-layout-constrained wp-block-cover-is-layout-constrained\">\n<div style=\"height:169px\" aria-hidden=\"true\" class=\"wp-block-spacer\"><\/div>\n<\/div><\/div>\n<\/div>\n<\/div>\n<\/div>\n<\/div><\/div>\n","protected":false},"excerpt":{"rendered":"","protected":false},"author":1,"featured_media":1349,"parent":0,"menu_order":0,"comment_status":"closed","ping_status":"closed","template":"layout-compact","meta":{"_acf_changed":false,"content-type":"","footnotes":""},"class_list":["post-1284","page","type-page","status-publish","has-post-thumbnail","hentry"],"acf":[],"_links":{"self":[{"href":"https:\/\/www.nimmersion.com\/sv\/wp-json\/wp\/v2\/pages\/1284","targetHints":{"allow":["GET"]}}],"collection":[{"href":"https:\/\/www.nimmersion.com\/sv\/wp-json\/wp\/v2\/pages"}],"about":[{"href":"https:\/\/www.nimmersion.com\/sv\/wp-json\/wp\/v2\/types\/page"}],"author":[{"embeddable":true,"href":"https:\/\/www.nimmersion.com\/sv\/wp-json\/wp\/v2\/users\/1"}],"replies":[{"embeddable":true,"href":"https:\/\/www.nimmersion.com\/sv\/wp-json\/wp\/v2\/comments?post=1284"}],"version-history":[{"count":4,"href":"https:\/\/www.nimmersion.com\/sv\/wp-json\/wp\/v2\/pages\/1284\/revisions"}],"predecessor-version":[{"id":2242,"href":"https:\/\/www.nimmersion.com\/sv\/wp-json\/wp\/v2\/pages\/1284\/revisions\/2242"}],"wp:featuredmedia":[{"embeddable":true,"href":"https:\/\/www.nimmersion.com\/sv\/wp-json\/wp\/v2\/media\/1349"}],"wp:attachment":[{"href":"https:\/\/www.nimmersion.com\/sv\/wp-json\/wp\/v2\/media?parent=1284"}],"curies":[{"name":"wp","href":"https:\/\/api.w.org\/{rel}","templated":true}]}}