{"id":1278,"date":"2023-08-21T11:10:44","date_gmt":"2023-08-21T09:10:44","guid":{"rendered":"https:\/\/www.nimmersion.com\/our-eco-system\/"},"modified":"2024-02-23T15:53:40","modified_gmt":"2024-02-23T14:53:40","slug":"our-eco-system","status":"publish","type":"page","link":"https:\/\/www.nimmersion.com\/sv\/our-eco-system\/","title":{"rendered":"V\u00e5rt Ecosystem"},"content":{"rendered":"\n<div class=\"wp-block-cover alignfull is-light\"><span aria-hidden=\"true\" class=\"wp-block-cover__background has-background-dim-60 has-background-dim\" style=\"background-color:#ecaa91\"><\/span><div class=\"wp-block-cover__inner-container has-global-padding is-layout-constrained wp-block-cover-is-layout-constrained\">\n<div class=\"wp-block-group alignwide has-global-padding is-layout-constrained wp-block-group-is-layout-constrained\" style=\"margin-top:var(--wp--preset--spacing--60);margin-bottom:var(--wp--preset--spacing--156)\">\n<p class=\"has-large-font-size\" style=\"line-height:1.4\"><br>Vi har varit en del av de b\u00e4sta internationella relocation- och mobilitetorganisationerna sedan 90-talet! Vi \u00e4r certifierade partners till Migrationsverket vilket g\u00f6r att vi kan s\u00e4kerst\u00e4lla en smidig immigrationsprocess. Vi \u00e4r ocks\u00e5 registrerade hos Fastighetsm\u00e4klarinspektionen, vilket ger oss laglig r\u00e4tt att agera som r\u00e5dgivare vid relocation.<\/p>\n\n\n\n<div class=\"wp-block-columns are-vertically-aligned-center is-layout-flex wp-container-core-columns-is-layout-a3ccb78e wp-block-columns-is-layout-flex\" style=\"margin-top:var(--wp--preset--spacing--50)\">\n<div class=\"wp-block-column is-vertically-aligned-center is-layout-flow wp-block-column-is-layout-flow\" style=\"flex-basis:10.2112676056%\">\n<figure class=\"wp-block-image aligncenter size-large is-resized wp-container-content-9cfa9a5a\"><img loading=\"lazy\" decoding=\"async\" width=\"905\" height=\"1024\" src=\"https:\/\/www.nimmersion.com\/wp-content\/uploads\/2023\/10\/ARE-905x1024.png\" alt=\"\" class=\"wp-image-2931\" style=\"object-fit:contain;width:116px;height:137px\" srcset=\"https:\/\/www.nimmersion.com\/wp-content\/uploads\/2023\/10\/ARE-905x1024.png 905w, https:\/\/www.nimmersion.com\/wp-content\/uploads\/2023\/10\/ARE-265x300.png 265w, https:\/\/www.nimmersion.com\/wp-content\/uploads\/2023\/10\/ARE-768x869.png 768w, https:\/\/www.nimmersion.com\/wp-content\/uploads\/2023\/10\/ARE.png 1000w\" sizes=\"auto, (max-width: 905px) 100vw, 905px\" \/><\/figure>\n<\/div>\n\n\n\n<div class=\"wp-block-column is-vertically-aligned-center is-layout-flow wp-block-column-is-layout-flow\" style=\"flex-basis:67.4295774648%\">\n<p class=\"has-small-font-size wp-container-content-9cfa9a5a\" style=\"line-height:1.4\">Vi var med och grundade A.R.E. Mobility Group, en organisation som bygger p\u00e5 delning av b\u00e4sta praxis inom global mobilitet, etablerad f\u00f6r att effektivisera tillg\u00e5ngen till kvalitativa mobilitetstj\u00e4nster i Europa.<\/p>\n<\/div>\n\n\n\n<div class=\"wp-block-column is-vertically-aligned-center is-layout-flow wp-block-column-is-layout-flow\" style=\"flex-basis:11.375rem\">\n<div class=\"wp-block-buttons wp-container-content-9cfa9a5a is-content-justification-center is-layout-flex wp-container-core-buttons-is-layout-a89b3969 wp-block-buttons-is-layout-flex\">\n<div class=\"wp-block-button is-style-outline is-style-outline--1\"><a class=\"wp-block-button__link wp-element-button\" href=\"https:\/\/aremobility.com\/\" target=\"_blank\" rel=\"noopener\">L\u00e4s mer<svg width=\"14\" height=\"8\" viewBox=\"0 0 14 8\" fill=\"currentColor\" xmlns=\"http:\/\/www.w3.org\/2000\/svg\"><path d=\"M13.489 2.7611L10.8138 0.0859375L9.989 0.910771L12.4752 3.39752L0 3.41502V4.58169L12.5102 4.56419L9.98842 7.08594L10.8132 7.91077L13.489 5.2356C13.8161 4.9069 13.9997 4.46206 13.9997 3.99835C13.9997 3.53465 13.8161 3.08981 13.489 2.7611Z\" fill=\"currentColor\"\/><\/svg><\/a><\/div>\n<\/div>\n<\/div>\n<\/div>\n\n\n\n<div class=\"wp-block-columns are-vertically-aligned-center is-layout-flex wp-container-core-columns-is-layout-a3ccb78e wp-block-columns-is-layout-flex\" style=\"margin-top:var(--wp--preset--spacing--50)\">\n<div class=\"wp-block-column is-vertically-aligned-center is-layout-flow wp-block-column-is-layout-flow\" style=\"flex-basis:10.2112676056%\">\n<figure class=\"wp-block-image aligncenter size-full is-resized wp-container-content-9cfa9a5a\"><img loading=\"lazy\" decoding=\"async\" width=\"556\" height=\"136\" src=\"https:\/\/www.nimmersion.com\/wp-content\/uploads\/2024\/01\/EuRA_logo.png\" alt=\"\" class=\"wp-image-3671\" style=\"object-fit:contain;width:116px;height:137px\" srcset=\"https:\/\/www.nimmersion.com\/wp-content\/uploads\/2024\/01\/EuRA_logo.png 556w, https:\/\/www.nimmersion.com\/wp-content\/uploads\/2024\/01\/EuRA_logo-300x73.png 300w\" sizes=\"auto, (max-width: 556px) 100vw, 556px\" \/><\/figure>\n<\/div>\n\n\n\n<div class=\"wp-block-column is-vertically-aligned-center is-layout-flow wp-block-column-is-layout-flow\" style=\"flex-basis:67.4295774648%\">\n<p class=\"has-small-font-size wp-container-content-9cfa9a5a\" style=\"line-height:1.4\">Nimmersion \u00e4r en fullv\u00e4rdig medlem av EuRA (European Relocation Association) och \u00e4r f\u00f6rpliktigad att f\u00f6lja deras etik och regler f\u00f6r uppf\u00f6rande. EuRA:s uttalade m\u00e5l \u00e4r att sprida kunskap och f\u00f6rst\u00e5else f\u00f6r de fr\u00e5gor som avser relocation f\u00f6r anst\u00e4llda. Vidare f\u00f6rb\u00e4ttrar EuRA branschens prestandastandarder genom kommunikation och utbildning.<\/p>\n<\/div>\n\n\n\n<div class=\"wp-block-column is-vertically-aligned-center is-layout-flow wp-block-column-is-layout-flow\" style=\"flex-basis:11.375rem\">\n<div class=\"wp-block-buttons wp-container-content-9cfa9a5a is-content-justification-center is-layout-flex wp-container-core-buttons-is-layout-a89b3969 wp-block-buttons-is-layout-flex\">\n<div class=\"wp-block-button is-style-outline is-style-outline--2\"><a class=\"wp-block-button__link wp-element-button\" href=\"https:\/\/www.eura-relocation.com\/\" target=\"_blank\" rel=\"noopener\">L\u00e4s mer<svg width=\"14\" height=\"8\" viewBox=\"0 0 14 8\" fill=\"currentColor\" xmlns=\"http:\/\/www.w3.org\/2000\/svg\"><path d=\"M13.489 2.7611L10.8138 0.0859375L9.989 0.910771L12.4752 3.39752L0 3.41502V4.58169L12.5102 4.56419L9.98842 7.08594L10.8132 7.91077L13.489 5.2356C13.8161 4.9069 13.9997 4.46206 13.9997 3.99835C13.9997 3.53465 13.8161 3.08981 13.489 2.7611Z\" fill=\"currentColor\"\/><\/svg><\/a><\/div>\n<\/div>\n<\/div>\n<\/div>\n\n\n\n<div class=\"wp-block-columns are-vertically-aligned-center is-layout-flex wp-container-core-columns-is-layout-a3ccb78e wp-block-columns-is-layout-flex\" style=\"margin-top:var(--wp--preset--spacing--50)\">\n<div class=\"wp-block-column is-vertically-aligned-center is-layout-flow wp-block-column-is-layout-flow\" style=\"flex-basis:10.2112676056%\">\n<figure class=\"wp-block-image aligncenter size-full is-resized wp-container-content-9cfa9a5a\"><img loading=\"lazy\" decoding=\"async\" width=\"369\" height=\"368\" src=\"https:\/\/www.nimmersion.com\/wp-content\/uploads\/2024\/02\/EURA-Logo-CMYK-72dpi.jpg\" alt=\"\" class=\"wp-image-3879\" style=\"object-fit:contain;width:116px;height:137px\" srcset=\"https:\/\/www.nimmersion.com\/wp-content\/uploads\/2024\/02\/EURA-Logo-CMYK-72dpi.jpg 369w, https:\/\/www.nimmersion.com\/wp-content\/uploads\/2024\/02\/EURA-Logo-CMYK-72dpi-300x300.jpg 300w, https:\/\/www.nimmersion.com\/wp-content\/uploads\/2024\/02\/EURA-Logo-CMYK-72dpi-150x150.jpg 150w\" sizes=\"auto, (max-width: 369px) 100vw, 369px\" \/><\/figure>\n<\/div>\n\n\n\n<div class=\"wp-block-column is-vertically-aligned-center is-layout-flow wp-block-column-is-layout-flow\" style=\"flex-basis:67.4295774648%\">\n<p class=\"has-small-font-size wp-container-content-9cfa9a5a\" style=\"line-height:1.4\">Nimmersion erh\u00f6ll EuRA Global Quality Seal+ i februari 2024. Baserat p\u00e5 en ISO 9001-processhanteringsmodell, specificerar EuRA Global Quality Seal de processer och KPI:er som \u00e5terspeglar de allra h\u00f6gsta standarderna inom flyttj\u00e4nster. Genom att ha tilldelats EuRA Global Quality Seal visar Nimmersion sitt fullst\u00e4ndiga engagemang f\u00f6r h\u00f6gsta kvalitet.<\/p>\n<\/div>\n\n\n\n<div class=\"wp-block-column is-vertically-aligned-center is-layout-flow wp-block-column-is-layout-flow\" style=\"flex-basis:11.375rem\">\n<div class=\"wp-block-buttons wp-container-content-9cfa9a5a is-content-justification-center is-layout-flex wp-container-core-buttons-is-layout-a89b3969 wp-block-buttons-is-layout-flex\">\n<div class=\"wp-block-button is-style-outline is-style-outline--3\"><a class=\"wp-block-button__link wp-element-button\" href=\"https:\/\/www.eura-relocation.com\/eura-global-quality-seal-plus\" target=\"_blank\" rel=\"noopener\">L\u00e4s mer<svg width=\"14\" height=\"8\" viewBox=\"0 0 14 8\" fill=\"currentColor\" xmlns=\"http:\/\/www.w3.org\/2000\/svg\"><path d=\"M13.489 2.7611L10.8138 0.0859375L9.989 0.910771L12.4752 3.39752L0 3.41502V4.58169L12.5102 4.56419L9.98842 7.08594L10.8132 7.91077L13.489 5.2356C13.8161 4.9069 13.9997 4.46206 13.9997 3.99835C13.9997 3.53465 13.8161 3.08981 13.489 2.7611Z\" fill=\"currentColor\"\/><\/svg><\/a><\/div>\n<\/div>\n<\/div>\n<\/div>\n\n\n\n<div class=\"wp-block-columns are-vertically-aligned-center is-layout-flex wp-container-core-columns-is-layout-22423e0f wp-block-columns-is-layout-flex\" style=\"margin-top:var(--wp--preset--spacing--50)\">\n<div class=\"wp-block-column is-vertically-aligned-center is-layout-flow wp-block-column-is-layout-flow\" style=\"flex-basis:10.2112676056%\">\n<figure class=\"wp-block-image aligncenter size-full is-resized wp-container-content-9cfa9a5a\"><img loading=\"lazy\" decoding=\"async\" width=\"250\" height=\"130\" src=\"https:\/\/www.nimmersion.com\/wp-content\/uploads\/2023\/09\/image003.jpg\" alt=\"\" class=\"wp-image-2885\" style=\"object-fit:contain;width:116px;height:137px\"\/><\/figure>\n<\/div>\n\n\n\n<div class=\"wp-block-column is-vertically-aligned-center is-layout-flow wp-block-column-is-layout-flow\" style=\"flex-basis:67.4295774648%\">\n<p class=\"has-small-font-size wp-container-content-9cfa9a5a\" style=\"line-height:1.4\">Vi \u00e4r den enda svenska medlemmen i The International Relocation Associates, ett unikt globalt n\u00e4tverk av mobilitetsspecialister med en historia som str\u00e4cker sig \u00f6ver tre decennier.<\/p>\n<\/div>\n\n\n\n<div class=\"wp-block-column is-vertically-aligned-center is-layout-flow wp-block-column-is-layout-flow\" style=\"flex-basis:11.375rem\">\n<div class=\"wp-block-buttons wp-container-content-9cfa9a5a is-content-justification-center is-layout-flex wp-container-core-buttons-is-layout-a89b3969 wp-block-buttons-is-layout-flex\">\n<div class=\"wp-block-button is-style-outline is-style-outline--4\"><a class=\"wp-block-button__link wp-element-button\" href=\"https:\/\/tiranetwork.com\/\" target=\"_blank\" rel=\"noopener\">L\u00e4s mer<svg width=\"14\" height=\"8\" viewBox=\"0 0 14 8\" fill=\"currentColor\" xmlns=\"http:\/\/www.w3.org\/2000\/svg\"><path d=\"M13.489 2.7611L10.8138 0.0859375L9.989 0.910771L12.4752 3.39752L0 3.41502V4.58169L12.5102 4.56419L9.98842 7.08594L10.8132 7.91077L13.489 5.2356C13.8161 4.9069 13.9997 4.46206 13.9997 3.99835C13.9997 3.53465 13.8161 3.08981 13.489 2.7611Z\" fill=\"currentColor\"\/><\/svg><\/a><\/div>\n<\/div>\n<\/div>\n<\/div>\n\n\n\n<div class=\"wp-block-columns are-vertically-aligned-center is-layout-flex wp-container-core-columns-is-layout-22423e0f wp-block-columns-is-layout-flex\" style=\"margin-top:var(--wp--preset--spacing--50)\">\n<div class=\"wp-block-column is-vertically-aligned-center is-layout-flow wp-block-column-is-layout-flow\" style=\"flex-basis:10.2112676056%\">\n<figure class=\"wp-block-image aligncenter size-full is-resized wp-container-content-9cfa9a5a\"><img loading=\"lazy\" decoding=\"async\" width=\"672\" height=\"492\" src=\"https:\/\/www.nimmersion.com\/wp-content\/uploads\/2023\/10\/EU-posted-workers-alliance-logo.png\" alt=\"\" class=\"wp-image-2927\" style=\"object-fit:contain;width:116px;height:137px\" srcset=\"https:\/\/www.nimmersion.com\/wp-content\/uploads\/2023\/10\/EU-posted-workers-alliance-logo.png 672w, https:\/\/www.nimmersion.com\/wp-content\/uploads\/2023\/10\/EU-posted-workers-alliance-logo-300x220.png 300w\" sizes=\"auto, (max-width: 672px) 100vw, 672px\" \/><\/figure>\n<\/div>\n\n\n\n<div class=\"wp-block-column is-vertically-aligned-center is-layout-flow wp-block-column-is-layout-flow\" style=\"flex-basis:67.4295774648%\">\n<p class=\"has-small-font-size wp-container-content-9cfa9a5a\" style=\"line-height:1.4\">F\u00f6rsta europeiska alliansen av h\u00f6gspecialiserade experter p\u00e5 arbetskraftsr\u00f6rlighet som anv\u00e4nder digital teknik p\u00e5 h\u00f6g niv\u00e5.<\/p>\n<\/div>\n\n\n\n<div class=\"wp-block-column is-vertically-aligned-center is-layout-flow wp-block-column-is-layout-flow\" style=\"flex-basis:11.375rem\">\n<div class=\"wp-block-buttons wp-container-content-9cfa9a5a is-content-justification-center is-layout-flex wp-container-core-buttons-is-layout-a89b3969 wp-block-buttons-is-layout-flex\">\n<div class=\"wp-block-button is-style-outline is-style-outline--5\"><a class=\"wp-block-button__link wp-element-button\" href=\"https:\/\/www.eu-postedworkers.com\/\" target=\"_blank\" rel=\"noopener\">L\u00e4s mer<svg width=\"14\" height=\"8\" viewBox=\"0 0 14 8\" fill=\"currentColor\" xmlns=\"http:\/\/www.w3.org\/2000\/svg\"><path d=\"M13.489 2.7611L10.8138 0.0859375L9.989 0.910771L12.4752 3.39752L0 3.41502V4.58169L12.5102 4.56419L9.98842 7.08594L10.8132 7.91077L13.489 5.2356C13.8161 4.9069 13.9997 4.46206 13.9997 3.99835C13.9997 3.53465 13.8161 3.08981 13.489 2.7611Z\" fill=\"currentColor\"\/><\/svg><\/a><\/div>\n<\/div>\n<\/div>\n<\/div>\n\n\n\n<div class=\"wp-block-columns are-vertically-aligned-center is-layout-flex wp-container-core-columns-is-layout-22423e0f wp-block-columns-is-layout-flex\" style=\"margin-top:var(--wp--preset--spacing--50)\">\n<div class=\"wp-block-column is-vertically-aligned-center is-layout-flow wp-block-column-is-layout-flow\" style=\"flex-basis:10.2112676056%\">\n<figure class=\"wp-block-image aligncenter size-full is-resized wp-container-content-9cfa9a5a\"><img loading=\"lazy\" decoding=\"async\" width=\"292\" height=\"146\" src=\"https:\/\/www.nimmersion.com\/wp-content\/uploads\/2023\/10\/AEA-logo@2x.png\" alt=\"\" class=\"wp-image-2929\" style=\"object-fit:contain;width:116px;height:137px\"\/><\/figure>\n<\/div>\n\n\n\n<div class=\"wp-block-column is-vertically-aligned-center is-layout-flow wp-block-column-is-layout-flow\" style=\"flex-basis:67.4295774648%\">\n<p class=\"has-small-font-size wp-container-content-9cfa9a5a\" style=\"line-height:1.4\">International Lawyers Association for Global Reach<\/p>\n<\/div>\n\n\n\n<div class=\"wp-block-column is-vertically-aligned-center is-layout-flow wp-block-column-is-layout-flow\" style=\"flex-basis:11.375rem\">\n<div class=\"wp-block-buttons wp-container-content-9cfa9a5a is-content-justification-center is-layout-flex wp-container-core-buttons-is-layout-a89b3969 wp-block-buttons-is-layout-flex\">\n<div class=\"wp-block-button is-style-outline is-style-outline--6\"><a class=\"wp-block-button__link wp-element-button\" href=\"https:\/\/www.aeuropea.com\/about-us\/\" target=\"_blank\" rel=\"noopener\">L\u00e4s mer<svg width=\"14\" height=\"8\" viewBox=\"0 0 14 8\" fill=\"currentColor\" xmlns=\"http:\/\/www.w3.org\/2000\/svg\"><path d=\"M13.489 2.7611L10.8138 0.0859375L9.989 0.910771L12.4752 3.39752L0 3.41502V4.58169L12.5102 4.56419L9.98842 7.08594L10.8132 7.91077L13.489 5.2356C13.8161 4.9069 13.9997 4.46206 13.9997 3.99835C13.9997 3.53465 13.8161 3.08981 13.489 2.7611Z\" fill=\"currentColor\"\/><\/svg><\/a><\/div>\n<\/div>\n<\/div>\n<\/div>\n\n\n\n<div class=\"wp-block-columns are-vertically-aligned-center is-layout-flex wp-container-core-columns-is-layout-22423e0f wp-block-columns-is-layout-flex\" style=\"margin-top:var(--wp--preset--spacing--50)\">\n<div class=\"wp-block-column is-vertically-aligned-center is-layout-flow wp-block-column-is-layout-flow\" style=\"flex-basis:10.2112676056%\">\n<figure class=\"wp-block-image aligncenter size-full is-resized wp-container-content-9cfa9a5a\"><img loading=\"lazy\" decoding=\"async\" width=\"300\" height=\"75\" src=\"https:\/\/www.nimmersion.com\/wp-content\/uploads\/2023\/10\/partners.png\" alt=\"\" class=\"wp-image-2933\" style=\"object-fit:contain;width:116px;height:137px\"\/><\/figure>\n<\/div>\n\n\n\n<div class=\"wp-block-column is-vertically-aligned-center is-layout-flow wp-block-column-is-layout-flow\" style=\"flex-basis:67.4295774648%\">\n<p class=\"has-small-font-size wp-container-content-9cfa9a5a\" style=\"line-height:1.4\">Ett globalt immigrationsn\u00e4tverk byggt p\u00e5 partnerskap och f\u00f6rtroende<\/p>\n<\/div>\n\n\n\n<div class=\"wp-block-column is-vertically-aligned-center is-layout-flow wp-block-column-is-layout-flow\" style=\"flex-basis:11.375rem\">\n<div class=\"wp-block-buttons wp-container-content-9cfa9a5a is-content-justification-center is-layout-flex wp-container-core-buttons-is-layout-a89b3969 wp-block-buttons-is-layout-flex\">\n<div class=\"wp-block-button is-style-outline is-style-outline--7\"><a class=\"wp-block-button__link wp-element-button\" href=\"https:\/\/www.partnersimmigration.com\/\" target=\"_blank\" rel=\"noopener\">L\u00e4s mer<svg width=\"14\" height=\"8\" viewBox=\"0 0 14 8\" fill=\"currentColor\" xmlns=\"http:\/\/www.w3.org\/2000\/svg\"><path d=\"M13.489 2.7611L10.8138 0.0859375L9.989 0.910771L12.4752 3.39752L0 3.41502V4.58169L12.5102 4.56419L9.98842 7.08594L10.8132 7.91077L13.489 5.2356C13.8161 4.9069 13.9997 4.46206 13.9997 3.99835C13.9997 3.53465 13.8161 3.08981 13.489 2.7611Z\" fill=\"currentColor\"\/><\/svg><\/a><\/div>\n<\/div>\n<\/div>\n<\/div>\n<\/div>\n<\/div><\/div>\n","protected":false},"excerpt":{"rendered":"","protected":false},"author":1,"featured_media":3079,"parent":0,"menu_order":0,"comment_status":"closed","ping_status":"closed","template":"layout-compact","meta":{"_acf_changed":false,"content-type":"","footnotes":""},"class_list":["post-1278","page","type-page","status-publish","has-post-thumbnail","hentry"],"acf":[],"_links":{"self":[{"href":"https:\/\/www.nimmersion.com\/sv\/wp-json\/wp\/v2\/pages\/1278","targetHints":{"allow":["GET"]}}],"collection":[{"href":"https:\/\/www.nimmersion.com\/sv\/wp-json\/wp\/v2\/pages"}],"about":[{"href":"https:\/\/www.nimmersion.com\/sv\/wp-json\/wp\/v2\/types\/page"}],"author":[{"embeddable":true,"href":"https:\/\/www.nimmersion.com\/sv\/wp-json\/wp\/v2\/users\/1"}],"replies":[{"embeddable":true,"href":"https:\/\/www.nimmersion.com\/sv\/wp-json\/wp\/v2\/comments?post=1278"}],"version-history":[{"count":9,"href":"https:\/\/www.nimmersion.com\/sv\/wp-json\/wp\/v2\/pages\/1278\/revisions"}],"predecessor-version":[{"id":3894,"href":"https:\/\/www.nimmersion.com\/sv\/wp-json\/wp\/v2\/pages\/1278\/revisions\/3894"}],"wp:featuredmedia":[{"embeddable":true,"href":"https:\/\/www.nimmersion.com\/sv\/wp-json\/wp\/v2\/media\/3079"}],"wp:attachment":[{"href":"https:\/\/www.nimmersion.com\/sv\/wp-json\/wp\/v2\/media?parent=1278"}],"curies":[{"name":"wp","href":"https:\/\/api.w.org\/{rel}","templated":true}]}}